{"id":3384,"date":"2025-08-29T13:12:32","date_gmt":"2025-08-29T11:12:32","guid":{"rendered":"https:\/\/bimargrup.cat\/inicio\/"},"modified":"2025-09-09T18:01:34","modified_gmt":"2025-09-09T16:01:34","slug":"inicio","status":"publish","type":"page","link":"https:\/\/bimargrup.cat\/ca\/","title":{"rendered":"Inicio"},"content":{"rendered":"<section class=\"wp-block align wp-block-hero\" style=\"\">\n\t\t\t<video src=\"https:\/\/bimargrup.cat\/wp-content\/uploads\/2025\/09\/bismarc.mp4\" autoplay muted loop><\/video>\n\t\n\t<div class=\"background\"><\/div>\n\n\t<div class=\"container\">\n\t\t<div class=\"content\"><h1>Transformem el teu <strong>edifici<\/strong><\/h1>\n<p>Solucions professionals per a la rehabilitaci\u00f3 i manteniment d&#8217;edificis a Barcelona<\/p>\n<p><a class=\"btn btn-primary\" href=\"https:\/\/bimargrup.cat\/ca\/contacte\/\">Demana el teu pressupost personalitzat<\/a><\/p>\n<\/div>\n\t<\/div>\n<\/section>\n\n\n<section class=\"wp-block align wp-block-servicios-grid\" style=\"\">\n\t<div class=\"container\">\n\t\t<h2>\u00bfQuins serveis <strong>oferim<\/strong>?<\/h2>\n\t\t<div class=\"row\">\n\t\t\t\t\t<\/div>\n\t<\/div>\n<\/section>\n\n\n<section class=\"wp-block align wp-block-proyectos-destacados\" style=\"\">\n\t<div class=\"container\">\n\t\t<h2>Projectes destacats<\/h2>\n\t\t<div class=\"row\">\n\t\t\t\t\t\t<div id=\"swiper-gallery-373475750\" data-gallery_id=\"373475750\" thumbsSlider=\"\" class=\"swiper proyectos_destacados\">\n\t\t\t\t<div class=\"swiper-button-next\"><\/div>\n\t\t\t\t<div class=\"swiper-button-prev\"><\/div>\n\t\t\t\t<div class=\"swiper-wrapper\">\n\t\t\t\t\t\t\t\t\t\t<div class=\"swiper-slide\"><img decoding=\"async\" src=\"https:\/\/bimargrup.cat\/wp-content\/uploads\/2025\/09\/e08d17bc3c6d6d50cff5d5823e38ca55a8ad8404-1024x768.jpg\" alt=\"\"><\/div>\n\t\t\t\t\t\t\t\t\t\t<div class=\"swiper-slide\"><img decoding=\"async\" src=\"https:\/\/bimargrup.cat\/wp-content\/uploads\/2025\/09\/c9b522747b570d7c83062a0fb43d52a2b6d9d93b-1-768x1024.jpg\" alt=\"\"><\/div>\n\t\t\t\t\t\t\t\t\t\t<div class=\"swiper-slide\"><img decoding=\"async\" src=\"https:\/\/bimargrup.cat\/wp-content\/uploads\/2025\/09\/646388616f092b13078a34da0cb7d08fae4c53c9-1024x726.jpg\" alt=\"\"><\/div>\n\t\t\t\t\t\t\t\t\t\t<div class=\"swiper-slide\"><img decoding=\"async\" src=\"https:\/\/bimargrup.cat\/wp-content\/uploads\/2025\/09\/9634a7d11d8d6d224809436389f0de3bfdcefa70-1024x768.jpg\" alt=\"\"><\/div>\n\t\t\t\t\t\t\t\t\t\t<div class=\"swiper-slide\"><img decoding=\"async\" src=\"https:\/\/bimargrup.cat\/wp-content\/uploads\/2025\/09\/4015f3e6b72ca5446fd3dfd03145eacd5e7a97b4.jpg\" alt=\"\"><\/div>\n\t\t\t\t\t\t\t\t\t\t<div class=\"swiper-slide\"><img decoding=\"async\" src=\"https:\/\/bimargrup.cat\/wp-content\/uploads\/2025\/09\/0b50e32fe1be60f74010ce26b4141aa617ed998e-1024x768.jpg\" alt=\"\"><\/div>\n\t\t\t\t\t\t\t\t\t\t<div class=\"swiper-slide\"><img decoding=\"async\" src=\"https:\/\/bimargrup.cat\/wp-content\/uploads\/2025\/09\/eb6324eab91def19ae727ef9ccfbd6c5778c397d-768x1024.jpg\" alt=\"\"><\/div>\n\t\t\t\t\t\t\t\t\t<\/div>\n\t\t\t<\/div>\n\t\t<\/div>\n\t<\/div>\n<\/section>\n\n\n<section class=\"wp-block align wp-block-block1\" style=\"\">\n\t<div class=\"container\">\n\t\t<div class=\"row\">\n\t\t\t<div class=\"col-md-6\">\n\t\t\t\t<img decoding=\"async\" src=\"https:\/\/bimargrup.cat\/wp-content\/uploads\/2025\/09\/dbd7962b99feb6838f2d72c7f607316ae13a2dc5-1024x1024.jpg\" alt=\"\" class=\"image\">\n\t\t\t<\/div>\n\t\t\t<div class=\"col-md-6\">\n\t\t\t\t<div class=\"content\"><h2>Per qu\u00e8 triar <strong>Bimar Grup<\/strong>?<\/h2>\n<p>En Bimar Grup ens diferenciem per oferir solucions integrals en la rehabilitaci\u00f3 d&#8217;edificis, combinant treballs verticals especialitzats, efici\u00e8ncia t\u00e8cnica i un ferm comprom\u00eds amb la seguretat. Comptem amb un equip multidisciplinari amb m\u00e9s de 15 anys d&#8217;experi\u00e8ncia en rehabilitaci\u00f3 d&#8217;edificis.<\/p>\n<p>Complim els terminis acordats, ens adaptem a les necessitats de cada projecte i oferim opcions de finan\u00e7ament adaptades a comunitats de propietaris, amb acords espec\u00edfics amb entitats banc\u00e0ries i possibilitat de pagament fraccionat sense interessos per a obres subvencionables.<\/p>\n<\/div>\n\t\t\t\t<div class=\"featured\"><p>\u200b\u200bTreballem amb materials de primeres marques com <strong>Sika o Molins<\/strong> i estem registrats en organismes oficials com <strong>FLC i RIMI<\/strong>, garantint professionalitat i seguretat en cada projecte.<\/p>\n<img loading=\"lazy\" decoding=\"async\" class=\"aligncenter wp-image-106 size-full\" src=\"https:\/\/bimargrup.cat\/wp-content\/uploads\/2025\/09\/Why-Choose-Us-Logos.png\" alt=\"\" width=\"510\" height=\"137\" srcset=\"https:\/\/bimargrup.cat\/wp-content\/uploads\/2025\/09\/Why-Choose-Us-Logos.png 510w, https:\/\/bimargrup.cat\/wp-content\/uploads\/2025\/09\/Why-Choose-Us-Logos-300x81.png 300w\" sizes=\"auto, (max-width: 510px) 100vw, 510px\" \/>\n<\/div>\t\t\t\t<a href=\"https:\/\/bimargrup.cat\/ca\/nosaltres\/\" target=\"\" class=\"btn btn-primary\">M\u00e9s informaci\u00f3<\/a>\t\t\t<\/div>\n\t\t<\/div>\n\t<\/div>\n<\/section>\n\n\n\n<div class=\"wp-block-group has-background\" style=\"background-color:#ffffff\"><div class=\"wp-block-group__inner-container is-layout-constrained wp-block-group-is-layout-constrained\">\n<h2 class=\"wp-block-heading has-text-align-center\">Noticias y<span style=\"color:#f7941d;\"> <b>novedades del sector<\/span><\/h2>\n\n\n<ul class=\"wp-block-latest-posts__list wp-block-latest-posts\"><\/ul>\n\n\n<div class=\"wp-block-buttons is-content-justification-center is-layout-flex wp-container-core-buttons-is-layout-16018d1d wp-block-buttons-is-layout-flex\">\n<div class=\"wp-block-button\"><a class=\"wp-block-button__link has-text-align-center wp-element-button\" href=\"https:\/\/bimargrup.cat\/noticias\/\">Ver m\u00e1s<\/a><\/div>\n<\/div>\n<\/div><\/div>\n\n\n<section class=\"wp-block align wp-block-contact\" style=\"\">\n\t<div class=\"background\"><\/div>\n\n\t<div class=\"container\">\n\t\t<div class=\"form-box\">\n\t\t\t<div class=\"title\"><h3>Contacta amb nosaltres per a tenir un <strong>pressupost personalitzat<\/strong><\/h3>\n<p>Pots emplenar el formulari per a contactar-nos<\/p>\n<\/div>\n\t\t\t<div class=\"form-holder\">\n<div class=\"wpcf7 no-js\" id=\"wpcf7-f3399-o1\" lang=\"ca\" dir=\"ltr\" data-wpcf7-id=\"3399\">\n<div class=\"screen-reader-response\"><p role=\"status\" aria-live=\"polite\" aria-atomic=\"true\"><\/p> <ul><\/ul><\/div>\n<form action=\"\/ca\/wp-json\/wp\/v2\/pages\/3384#wpcf7-f3399-o1\" method=\"post\" class=\"wpcf7-form init\" aria-label=\"Formulari de contacte\" novalidate=\"novalidate\" data-status=\"init\">\n<fieldset class=\"hidden-fields-container\"><input type=\"hidden\" name=\"_wpcf7\" value=\"3399\" \/><input type=\"hidden\" name=\"_wpcf7_version\" value=\"6.1.5\" \/><input type=\"hidden\" name=\"_wpcf7_locale\" value=\"ca\" \/><input type=\"hidden\" name=\"_wpcf7_unit_tag\" value=\"wpcf7-f3399-o1\" \/><input type=\"hidden\" name=\"_wpcf7_container_post\" value=\"0\" \/><input type=\"hidden\" name=\"_wpcf7_posted_data_hash\" value=\"\" \/><input type=\"hidden\" name=\"_wpcf7_recaptcha_response\" value=\"\" \/>\n<\/fieldset>\n<div class=\"row\">\n  <div class=\"col-md-6\">\n    <label><span class=\"wpcf7-form-control-wrap\" data-name=\"firstname\"><input size=\"40\" maxlength=\"400\" class=\"wpcf7-form-control wpcf7-text wpcf7-validates-as-required form-control\" autocomplete=\"name\" aria-required=\"true\" aria-invalid=\"false\" placeholder=\"Nom*\" value=\"\" type=\"text\" name=\"firstname\" \/><\/span> <\/label>\n  <\/div>\n  <div class=\"col-md-6\">\n    <label><span class=\"wpcf7-form-control-wrap\" data-name=\"lastname\"><input size=\"40\" maxlength=\"400\" class=\"wpcf7-form-control wpcf7-text wpcf7-validates-as-required form-control\" autocomplete=\"lastname\" aria-required=\"true\" aria-invalid=\"false\" placeholder=\"Cognoms*\" value=\"\" type=\"text\" name=\"lastname\" \/><\/span> <\/label>\n  <\/div>\n<\/div>\n<div class=\"row\">\n  <div class=\"col-md-6\">\n    <label><span class=\"wpcf7-form-control-wrap\" data-name=\"email\"><input size=\"40\" maxlength=\"400\" class=\"wpcf7-form-control wpcf7-email wpcf7-validates-as-required wpcf7-text wpcf7-validates-as-email form-control\" autocomplete=\"email\" aria-required=\"true\" aria-invalid=\"false\" placeholder=\"Email*\" value=\"\" type=\"email\" name=\"email\" \/><\/span> <\/label>\n  <\/div>\n  <div class=\"col-md-6\">\n    <label><span class=\"wpcf7-form-control-wrap\" data-name=\"phone\"><input size=\"40\" maxlength=\"400\" class=\"wpcf7-form-control wpcf7-tel wpcf7-validates-as-required wpcf7-text wpcf7-validates-as-tel form-control\" autocomplete=\"phone\" aria-required=\"true\" aria-invalid=\"false\" placeholder=\"Tel\u00e8fon*\" value=\"\" type=\"tel\" name=\"phone\" \/><\/span> <\/label>\n  <\/div>\n<\/div>\n\n<div class=\"row\">\n  <div class=\"col text-center\">\n    <span class=\"wpcf7-form-control-wrap\" data-name=\"legal\"><span class=\"wpcf7-form-control wpcf7-acceptance\"><span class=\"wpcf7-list-item\"><label class=\"form-check form-check-inline form-check-checkbox\"><input type=\"checkbox\" name=\"legal\" value=\"1\" aria-invalid=\"false\" class=\"form-check-input\"><span class=\"wpcf7-list-item-label form-check-label\">He llegit i accepto la <a href=\"\/ca\/politica-privacitat\" target=\"_blank\">Pol\u00edtica de Privacitat<\/a>.<\/span><\/label><\/span><\/span><\/span>\n  <\/div>\n<\/div>\n<div class=\"row\">\n  <div class=\"col text-center\">\n    <input class=\"wpcf7-form-control wpcf7-submit has-spinner btn btn-primary\" type=\"submit\" value=\"Enviar\" \/>\n\n  <\/div>\n<\/div><div class=\"wpcf7-response-output\" aria-hidden=\"true\"><\/div>\n<\/form>\n<\/div>\n<\/div>\n\t\t\t\t\t\t<div class=\"form-other\">\n\t\t\t\t<p>O truca&#8217;ns\/escriu-nos per WhatsApp.<\/p>\n\t\t\t\t<a href=\"whatsapp:+34605908979\" class=\"btn btn-primary\" target=\"_blank\">\n\t\t\t\t\t<svg width=\"27\" height=\"28\" viewBox=\"0 0 27 28\" fill=\"none\" xmlns=\"http:\/\/www.w3.org\/2000\/svg\">\n\t\t\t\t\t\t<path d=\"M22.9 4.54658C21.6774 3.31205 20.2214 2.3332 18.6167 1.66706C17.012 1.00092 15.2908 0.66082 13.5533 0.666576C6.27334 0.666576 0.340004 6.59991 0.340004 13.8799C0.340004 16.2132 0.953337 18.4799 2.1 20.4799L0.233337 27.3332L7.23334 25.4932C9.16667 26.5466 11.34 27.1066 13.5533 27.1066C20.8333 27.1066 26.7667 21.1732 26.7667 13.8932C26.7667 10.3599 25.3933 7.03991 22.9 4.54658ZM13.5533 24.8666C11.58 24.8666 9.64667 24.3332 7.95334 23.3332L7.55334 23.0932L3.39334 24.1866L4.5 20.1332L4.23334 19.7199C3.13673 17.9693 2.55457 15.9456 2.55334 13.8799C2.55334 7.82658 7.48667 2.89324 13.54 2.89324C16.4733 2.89324 19.2333 4.03991 21.3 6.11991C22.3235 7.13839 23.1346 8.34997 23.6862 9.68435C24.2378 11.0187 24.5189 12.4494 24.5133 13.8932C24.54 19.9466 19.6067 24.8666 13.5533 24.8666ZM19.58 16.6532C19.2467 16.4932 17.62 15.6932 17.3267 15.5732C17.02 15.4666 16.8067 15.4132 16.58 15.7332C16.3533 16.0666 15.7267 16.8132 15.54 17.0266C15.3533 17.2532 15.1533 17.2799 14.82 17.1066C14.4867 16.9466 13.42 16.5866 12.1667 15.4666C11.18 14.5866 10.5267 13.5066 10.3267 13.1732C10.14 12.8399 10.3 12.6666 10.4733 12.4932C10.62 12.3466 10.8067 12.1066 10.9667 11.9199C11.1267 11.7332 11.1933 11.5866 11.3 11.3732C11.4067 11.1466 11.3533 10.9599 11.2733 10.7999C11.1933 10.6399 10.5267 9.01324 10.26 8.34658C9.99334 7.70658 9.71334 7.78658 9.51334 7.77324H8.87334C8.64667 7.77324 8.3 7.85324 7.99334 8.18658C7.7 8.51991 6.84667 9.31991 6.84667 10.9466C6.84667 12.5732 8.03334 14.1466 8.19334 14.3599C8.35334 14.5866 10.5267 17.9199 13.8333 19.3466C14.62 19.6932 15.2333 19.8932 15.7133 20.0399C16.5 20.2932 17.22 20.2532 17.7933 20.1732C18.4333 20.0799 19.7533 19.3732 20.02 18.5999C20.3 17.8266 20.3 17.1732 20.2067 17.0266C20.1133 16.8799 19.9133 16.8132 19.58 16.6532Z\" fill=\"white\"\/>\n\t\t\t\t\t<\/svg>\n\t\t\t\t\tWhatsApp: +34 605908979\n\t\t\t\t<\/a>\n\t\t\t<\/div>\n\t\t\t\t\t<\/div>\n\t<\/div>\n<\/section>\n","protected":false},"excerpt":{"rendered":"","protected":false},"author":1,"featured_media":0,"parent":0,"menu_order":0,"comment_status":"closed","ping_status":"closed","template":"","meta":{"_acf_changed":false,"_joinchat":[],"footnotes":""},"class_list":["post-3384","page","type-page","status-publish","hentry"],"acf":[],"_links":{"self":[{"href":"https:\/\/bimargrup.cat\/ca\/wp-json\/wp\/v2\/pages\/3384","targetHints":{"allow":["GET"]}}],"collection":[{"href":"https:\/\/bimargrup.cat\/ca\/wp-json\/wp\/v2\/pages"}],"about":[{"href":"https:\/\/bimargrup.cat\/ca\/wp-json\/wp\/v2\/types\/page"}],"author":[{"embeddable":true,"href":"https:\/\/bimargrup.cat\/ca\/wp-json\/wp\/v2\/users\/1"}],"replies":[{"embeddable":true,"href":"https:\/\/bimargrup.cat\/ca\/wp-json\/wp\/v2\/comments?post=3384"}],"version-history":[{"count":1,"href":"https:\/\/bimargrup.cat\/ca\/wp-json\/wp\/v2\/pages\/3384\/revisions"}],"predecessor-version":[{"id":3387,"href":"https:\/\/bimargrup.cat\/ca\/wp-json\/wp\/v2\/pages\/3384\/revisions\/3387"}],"wp:attachment":[{"href":"https:\/\/bimargrup.cat\/ca\/wp-json\/wp\/v2\/media?parent=3384"}],"curies":[{"name":"wp","href":"https:\/\/api.w.org\/{rel}","templated":true}]}}